{"id":1479,"date":"2025-07-05T09:57:38","date_gmt":"2025-07-05T09:57:38","guid":{"rendered":"https:\/\/fkclinic.ghayatltd.com\/?page_id=1479"},"modified":"2025-07-05T09:59:00","modified_gmt":"2025-07-05T09:59:00","slug":"our-team","status":"publish","type":"page","link":"https:\/\/fkclinic.ghayatltd.com\/tr\/our-team\/","title":{"rendered":"Ekibimiz"},"content":{"rendered":"<section class=\"section\" id=\"section_1233646382\">\n\t\t<div class=\"bg section-bg fill bg-fill  bg-loaded\" >\n\n\t\t\t\n\t\t\t\n\t\t\t\n\n\t\t<\/div>\n\n\t\t\n\n\t\t<div class=\"section-content relative\">\n\t\t\t\n<div class=\"row\"  id=\"row-538984455\">\n\n\t<div id=\"col-690462943\" class=\"col small-12 large-12\"  >\n\t\t\t\t<div class=\"col-inner text-center\"  >\n\t\t\t\n\t\t\t\n<h2>Tak\u0131mla tan\u0131\u015f\u0131n<\/h2>\n<p>Lorem ipsum dolor sit amet consectetuer adipiscing elit.<\/p>\n\t\t<\/div>\n\t\t\t\t\t<\/div>\n\n\t\n<\/div>\n<div class=\"row\"  id=\"row-1464656502\">\n\n\t<div id=\"col-897495061\" class=\"col medium-4 small-12 large-4\"  >\n\t\t\t\t<div class=\"col-inner text-left\"  >\n\t\t\t\n\t\t\t\n\t<div class=\"box has-hover   has-hover box-overlay dark box-text-bottom\" >\n\n\t\t<div class=\"box-image\" >\n\t\t\t\t\t\t<div class=\"image-overlay-add image-cover\" style=\"padding-top:100%;\">\n\t\t\t\t<img loading=\"lazy\" decoding=\"async\" width=\"400\" height=\"400\" src=\"https:\/\/fkclinic.ghayatltd.com\/wp-content\/uploads\/2025\/07\/christina-wocintechchat-com-PlikkWB79qs-unsplash.jpeg\" class=\"attachment- size-\" alt=\"\" srcset=\"https:\/\/fkclinic.ghayatltd.com\/wp-content\/uploads\/2025\/07\/christina-wocintechchat-com-PlikkWB79qs-unsplash.jpeg 400w, https:\/\/fkclinic.ghayatltd.com\/wp-content\/uploads\/2025\/07\/christina-wocintechchat-com-PlikkWB79qs-unsplash-280x280.jpeg 280w, https:\/\/fkclinic.ghayatltd.com\/wp-content\/uploads\/2025\/07\/christina-wocintechchat-com-PlikkWB79qs-unsplash-12x12.jpeg 12w\" sizes=\"auto, (max-width: 400px) 100vw, 400px\" \/>\t\t\t\t<div class=\"overlay\" style=\"background-color:rgba(28, 28, 28, 0.5)\"><\/div>\t\t\t\t\t\t\t<\/div>\n\t\t\t\t\t<\/div>\n\n\t\t<div class=\"box-text show-on-hover hover-slide text-left\" style=\"padding:20px 20px 20px 20px;\">\n\t\t\t<div class=\"box-text-inner\">\n\t\t\t\t\n<p>Lorem ipsum dolor sit amet, consectetur adipiscing elit. Tamsay\u0131, zamanla e\u015f zamanl\u0131 olarak ortaya \u00e7\u0131kar. Magna&#039;da sem convallis tempus sed&#039;de olmayan tamsay\u0131. Pellentesque sagittis est eu finibus lobortis. <\/p>\n\t\t\t<\/div>\n\t\t<\/div>\n\t<\/div>\n\t\n\t<div id=\"gap-421378171\" class=\"gap-element clearfix\" style=\"display:block; height:auto;\">\n\t\t\n<style>\n#gap-421378171 {\n  padding-top: 20px;\n}\n<\/style>\n\t<\/div>\n\t\n\t<div id=\"text-935854486\" class=\"text\">\n\t\t\n<p style=\"margin-bottom:0px;\">CEO ve Kurucu<\/p>\n\t\t\n<style>\n#text-935854486 {\n  font-size: 0.85rem;\n}\n<\/style>\n\t<\/div>\n\t\n\t<div id=\"text-3060424469\" class=\"text\">\n\t\t\n<h3>Jessy Blacklet<\/h3>\n\t\t\n<style>\n#text-3060424469 {\n  font-size: 1.25rem;\n}\n<\/style>\n\t<\/div>\n\t\n<div class=\"social-icons follow-icons\" style=\"font-size:90%\"><a href=\"#\" target=\"_blank\" data-label=\"Twitter\" rel=\"noopener noreferrer nofollow\" class=\"icon plain  twitter tooltip\" title=\"Twitter' da Takip Edin\" aria-label=\"Twitter&#039; da Takip Edin\"><i class=\"icon-twitter\" ><\/i><\/a><a href=\"tel:#\" target=\"_blank\" data-label=\"Phone\" rel=\"noopener noreferrer nofollow\" class=\"icon plain  phone tooltip\" title=\"Call us\" aria-label=\"Call us\"><i class=\"icon-phone\" ><\/i><\/a><a href=\"#\" target=\"_blank\" rel=\"noopener noreferrer nofollow\" data-label=\"LinkedIn\" class=\"icon plain  linkedin tooltip\" title=\"Follow on LinkedIn\" aria-label=\"Follow on LinkedIn\"><i class=\"icon-linkedin\" ><\/i><\/a><\/div>\n\t\t<\/div>\n\t\t\t\t\t<\/div>\n\n\t\n\n\t<div id=\"col-242829755\" class=\"col medium-4 small-12 large-4\"  >\n\t\t\t\t<div class=\"col-inner text-left\"  >\n\t\t\t\n\t\t\t\n\t<div class=\"box has-hover   has-hover box-overlay dark box-text-bottom\" >\n\n\t\t<div class=\"box-image\" >\n\t\t\t\t\t\t<div class=\"image-overlay-add image-cover\" style=\"padding-top:100%;\">\n\t\t\t\t<img loading=\"lazy\" decoding=\"async\" width=\"400\" height=\"400\" src=\"https:\/\/fkclinic.ghayatltd.com\/wp-content\/uploads\/2025\/07\/linkedin-sales-solutions-pAtA8xe_iVM-unsplash.jpeg\" class=\"attachment- size-\" alt=\"\" srcset=\"https:\/\/fkclinic.ghayatltd.com\/wp-content\/uploads\/2025\/07\/linkedin-sales-solutions-pAtA8xe_iVM-unsplash.jpeg 400w, https:\/\/fkclinic.ghayatltd.com\/wp-content\/uploads\/2025\/07\/linkedin-sales-solutions-pAtA8xe_iVM-unsplash-280x280.jpeg 280w, https:\/\/fkclinic.ghayatltd.com\/wp-content\/uploads\/2025\/07\/linkedin-sales-solutions-pAtA8xe_iVM-unsplash-12x12.jpeg 12w\" sizes=\"auto, (max-width: 400px) 100vw, 400px\" \/>\t\t\t\t<div class=\"overlay\" style=\"background-color:rgba(28, 28, 28, 0.5)\"><\/div>\t\t\t\t\t\t\t<\/div>\n\t\t\t\t\t<\/div>\n\n\t\t<div class=\"box-text show-on-hover hover-slide text-left\" style=\"padding:20px 20px 20px 20px;\">\n\t\t\t<div class=\"box-text-inner\">\n\t\t\t\t\n<p>Lorem ipsum dolor sit amet, consectetur adipiscing elit. Tamsay\u0131, zamanla e\u015f zamanl\u0131 olarak ortaya \u00e7\u0131kar. Magna&#039;da sem convallis tempus sed&#039;de olmayan tamsay\u0131. Pellentesque sagittis est eu finibus lobortis. <\/p>\n\t\t\t<\/div>\n\t\t<\/div>\n\t<\/div>\n\t\n\t<div id=\"gap-34223684\" class=\"gap-element clearfix\" style=\"display:block; height:auto;\">\n\t\t\n<style>\n#gap-34223684 {\n  padding-top: 20px;\n}\n<\/style>\n\t<\/div>\n\t\n\t<div id=\"text-590583204\" class=\"text\">\n\t\t\n<p style=\"margin-bottom: 0px;\">Pazarlama<\/p>\n\t\t\n<style>\n#text-590583204 {\n  font-size: 0.85rem;\n}\n<\/style>\n\t<\/div>\n\t\n\t<div id=\"text-2596215966\" class=\"text\">\n\t\t\n<h3>Michael Wayne<\/h3>\n\t\t\n<style>\n#text-2596215966 {\n  font-size: 1.25rem;\n}\n<\/style>\n\t<\/div>\n\t\n<div class=\"social-icons follow-icons\" style=\"font-size:90%\"><a href=\"#\" target=\"_blank\" data-label=\"Twitter\" rel=\"noopener noreferrer nofollow\" class=\"icon plain  twitter tooltip\" title=\"Twitter' da Takip Edin\" aria-label=\"Twitter&#039; da Takip Edin\"><i class=\"icon-twitter\" ><\/i><\/a><a href=\"tel:#\" target=\"_blank\" data-label=\"Phone\" rel=\"noopener noreferrer nofollow\" class=\"icon plain  phone tooltip\" title=\"Call us\" aria-label=\"Call us\"><i class=\"icon-phone\" ><\/i><\/a><a href=\"#\" target=\"_blank\" rel=\"noopener noreferrer nofollow\" data-label=\"LinkedIn\" class=\"icon plain  linkedin tooltip\" title=\"Follow on LinkedIn\" aria-label=\"Follow on LinkedIn\"><i class=\"icon-linkedin\" ><\/i><\/a><\/div>\n\t\t<\/div>\n\t\t\t\t\t<\/div>\n\n\t\n\n\t<div id=\"col-691909695\" class=\"col medium-4 small-12 large-4\"  >\n\t\t\t\t<div class=\"col-inner text-left\"  >\n\t\t\t\n\t\t\t\n\t<div class=\"box has-hover   has-hover box-overlay dark box-text-bottom\" >\n\n\t\t<div class=\"box-image\" >\n\t\t\t\t\t\t<div class=\"image-overlay-add image-cover\" style=\"padding-top:100%;\">\n\t\t\t\t<img loading=\"lazy\" decoding=\"async\" width=\"400\" height=\"400\" src=\"https:\/\/fkclinic.ghayatltd.com\/wp-content\/uploads\/2025\/07\/christina-wocintechchat-com-SJvDxw0azqw-unsplash.jpeg\" class=\"attachment- size-\" alt=\"\" srcset=\"https:\/\/fkclinic.ghayatltd.com\/wp-content\/uploads\/2025\/07\/christina-wocintechchat-com-SJvDxw0azqw-unsplash.jpeg 400w, https:\/\/fkclinic.ghayatltd.com\/wp-content\/uploads\/2025\/07\/christina-wocintechchat-com-SJvDxw0azqw-unsplash-280x280.jpeg 280w, https:\/\/fkclinic.ghayatltd.com\/wp-content\/uploads\/2025\/07\/christina-wocintechchat-com-SJvDxw0azqw-unsplash-12x12.jpeg 12w\" sizes=\"auto, (max-width: 400px) 100vw, 400px\" \/>\t\t\t\t<div class=\"overlay\" style=\"background-color:rgba(28, 28, 28, 0.5)\"><\/div>\t\t\t\t\t\t\t<\/div>\n\t\t\t\t\t<\/div>\n\n\t\t<div class=\"box-text show-on-hover hover-slide text-left\" style=\"padding:20px 20px 20px 20px;\">\n\t\t\t<div class=\"box-text-inner\">\n\t\t\t\t\n<p>Lorem ipsum dolor sit amet, consectetur adipiscing elit. Tamsay\u0131, zamanla e\u015f zamanl\u0131 olarak ortaya \u00e7\u0131kar. Magna&#039;da sem convallis tempus sed&#039;de olmayan tamsay\u0131. Pellentesque sagittis est eu finibus lobortis. <\/p>\n\t\t\t<\/div>\n\t\t<\/div>\n\t<\/div>\n\t\n\t<div id=\"gap-1586480339\" class=\"gap-element clearfix\" style=\"display:block; height:auto;\">\n\t\t\n<style>\n#gap-1586480339 {\n  padding-top: 20px;\n}\n<\/style>\n\t<\/div>\n\t\n\t<div id=\"text-52470327\" class=\"text\">\n\t\t\n<p style=\"margin-bottom:0px;\">Tasar\u0131mc\u0131<\/p>\n\t\t\n<style>\n#text-52470327 {\n  font-size: 0.85rem;\n}\n<\/style>\n\t<\/div>\n\t\n\t<div id=\"text-1050794297\" class=\"text\">\n\t\t\n<h3>Sarah Jones<\/h3>\n\t\t\n<style>\n#text-1050794297 {\n  font-size: 1.25rem;\n}\n<\/style>\n\t<\/div>\n\t\n<div class=\"social-icons follow-icons\" style=\"font-size:90%\"><a href=\"#\" target=\"_blank\" data-label=\"Twitter\" rel=\"noopener noreferrer nofollow\" class=\"icon plain  twitter tooltip\" title=\"Twitter' da Takip Edin\" aria-label=\"Twitter&#039; da Takip Edin\"><i class=\"icon-twitter\" ><\/i><\/a><a href=\"tel:#\" target=\"_blank\" data-label=\"Phone\" rel=\"noopener noreferrer nofollow\" class=\"icon plain  phone tooltip\" title=\"Call us\" aria-label=\"Call us\"><i class=\"icon-phone\" ><\/i><\/a><a href=\"#\" target=\"_blank\" rel=\"noopener noreferrer nofollow\" data-label=\"LinkedIn\" class=\"icon plain  linkedin tooltip\" title=\"Follow on LinkedIn\" aria-label=\"Follow on LinkedIn\"><i class=\"icon-linkedin\" ><\/i><\/a><\/div>\n\t\t<\/div>\n\t\t\t\t\t<\/div>\n\n\t\n<\/div>\n\t\t<\/div>\n\n\t\t\n<style>\n#section_1233646382 {\n  padding-top: 80px;\n  padding-bottom: 80px;\n}\n#section_1233646382 .ux-shape-divider--top svg {\n  height: 150px;\n  --divider-top-width: 100%;\n}\n#section_1233646382 .ux-shape-divider--bottom svg {\n  height: 150px;\n  --divider-width: 100%;\n}\n<\/style>\n\t<\/section>","protected":false},"excerpt":{"rendered":"","protected":false},"author":1,"featured_media":0,"parent":0,"menu_order":0,"comment_status":"closed","ping_status":"closed","template":"","meta":{"footnotes":""},"class_list":["post-1479","page","type-page","status-publish","hentry"],"_links":{"self":[{"href":"https:\/\/fkclinic.ghayatltd.com\/tr\/wp-json\/wp\/v2\/pages\/1479","targetHints":{"allow":["GET"]}}],"collection":[{"href":"https:\/\/fkclinic.ghayatltd.com\/tr\/wp-json\/wp\/v2\/pages"}],"about":[{"href":"https:\/\/fkclinic.ghayatltd.com\/tr\/wp-json\/wp\/v2\/types\/page"}],"author":[{"embeddable":true,"href":"https:\/\/fkclinic.ghayatltd.com\/tr\/wp-json\/wp\/v2\/users\/1"}],"replies":[{"embeddable":true,"href":"https:\/\/fkclinic.ghayatltd.com\/tr\/wp-json\/wp\/v2\/comments?post=1479"}],"version-history":[{"count":2,"href":"https:\/\/fkclinic.ghayatltd.com\/tr\/wp-json\/wp\/v2\/pages\/1479\/revisions"}],"predecessor-version":[{"id":1484,"href":"https:\/\/fkclinic.ghayatltd.com\/tr\/wp-json\/wp\/v2\/pages\/1479\/revisions\/1484"}],"wp:attachment":[{"href":"https:\/\/fkclinic.ghayatltd.com\/tr\/wp-json\/wp\/v2\/media?parent=1479"}],"curies":[{"name":"wp","href":"https:\/\/api.w.org\/{rel}","templated":true}]}}