{"id":85,"date":"2013-08-11T19:22:53","date_gmt":"2013-08-11T19:22:53","guid":{"rendered":"http:\/\/localhost:8888\/test\/?page_id=532"},"modified":"2025-07-09T21:27:01","modified_gmt":"2025-07-09T21:27:01","slug":"contact","status":"publish","type":"page","link":"https:\/\/fkclinic.ghayatltd.com\/tr\/contact\/","title":{"rendered":"Bize Ula\u015f\u0131n"},"content":{"rendered":"<div class=\"row row-collapse row-full-width\"  id=\"row-898798323\">\n\n\t<div id=\"col-1088287987\" class=\"col small-12 large-12\"  >\n\t\t\t\t<div class=\"col-inner\"  >\n\t\t\t\n\t\t\t\n\t<section class=\"section\" id=\"section_2038600366\">\n\t\t<div class=\"bg section-bg fill bg-fill\" >\n\n\t\t\t\n\t\t\t<div class=\"section-bg-overlay absolute fill\"><\/div>\n\t\t\t\n\n\t\t<\/div>\n\n\t\t\n\n\t\t<div class=\"section-content relative\">\n\t\t\t\n<div class=\"row row-collapse align-center\" style=\"max-width:\" id=\"row-650519533\">\n\n\t<div id=\"col-729971782\" class=\"col small-12 large-12\"  >\n\t\t\t\t<div class=\"col-inner text-center dark\"  >\n\t\t\t\n\t\t\t\n<h1><span style=\"font-size: 250%;\">Temas etmek<\/span><\/h1>\n<p class=\"lead\"><span style=\"font-size: 120%;\">Bize bir mesaj g\u00f6nderin<\/span><\/p>\n\t\t<\/div>\n\t\t\t\t\n<style>\n#col-729971782 > .col-inner {\n  padding: 100px 20px 200px 0px;\n}\n@media (min-width:550px) {\n  #col-729971782 > .col-inner {\n    padding: 100px 0px 200px 0px;\n  }\n}\n<\/style>\n\t<\/div>\n\n\t\n<\/div>\n\t\t<\/div>\n\n\t\t\n<style>\n#section_2038600366 {\n  padding-top: 0px;\n  padding-bottom: 0px;\n  min-height: 0px;\n  background-color: rgb(0, 0, 0);\n}\n#section_2038600366 .section-bg-overlay {\n  background-color: rgba(0, 0, 0, 0.12);\n}\n#section_2038600366 .section-bg.bg-loaded {\n  background-image: url(https:\/\/fkclinic.ghayatltd.com\/wp-content\/uploads\/2025\/07\/shutterstock_704290765-scaled.jpg);\n}\n#section_2038600366 .section-bg {\n  background-position: 55% 100%;\n}\n#section_2038600366 .ux-shape-divider--top svg {\n  height: 150px;\n  --divider-top-width: 100%;\n}\n#section_2038600366 .ux-shape-divider--bottom svg {\n  height: 150px;\n  --divider-width: 100%;\n}\n@media (min-width:550px) {\n  #section_2038600366 {\n    padding-top: 0px;\n    padding-bottom: 0px;\n  }\n  #section_2038600366 .section-bg-overlay {\n    background-color: rgba(0, 0, 0, 0.21);\n  }\n}\n@media (min-width:850px) {\n  #section_2038600366 {\n    padding-top: 100px;\n    padding-bottom: 100px;\n  }\n  #section_2038600366 .section-bg-overlay {\n    background-color: rgba(0, 0, 0, 0.5);\n  }\n}\n<\/style>\n\t<\/section>\n\t\n\t\t<\/div>\n\t\t\t\t\n<style>\n#col-1088287987 > .col-inner {\n  padding: 0px 30px 0px 30px;\n}\n<\/style>\n\t<\/div>\n\n\t\n<\/div>\n<div class=\"row row-large\" style=\"max-width:1400px\" id=\"row-2069876356\">\n\n\t<div id=\"col-1331380521\" class=\"col small-12 large-12\"  >\n\t\t\t\t<div class=\"col-inner\"  >\n\t\t\t\n\t\t\t\n<div class=\"ss\">\n<style>\n    .ss {<br \/>\n      margin: 0;<br \/>\n      font-family: 'Tajawal', sans-serif;<br \/>\n      background-color: #fdfdfa;<br \/>\n    }<\/p>\n<p>    .sso-contact-section {<br \/>\n      display: flex;<br \/>\n      justify-content: center;<br \/>\n      flex-wrap: wrap;<br \/>\n      padding: 60px 20px;<br \/>\n      text-align: center;<br \/>\n      gap: 100px;<br \/>\n    }<\/p>\n<p>    .sso-location-box {<br \/>\n      max-width: 400px;<br \/>\n    }<\/p>\n<p>    .sso-location-country {<br \/>\n      color: #cc2e37;<br \/>\n      font-size: 14px;<br \/>\n      margin-bottom: 8px;<br \/>\n    }<\/p>\n<p>    .sso-location-address {<br \/>\n      font-weight: bold;<br \/>\n      font-size: 18px;<br \/>\n      color: #222;<br \/>\n      line-height: 1.6;<br \/>\n      margin-bottom: 15px;<br \/>\n    }<\/p>\n<p>    .sso-location-email,<br \/>\n    .sso-location-phone {<br \/>\n      font-size: 14px;<br \/>\n      color: #555;<br \/>\n      line-height: 1.6;<br \/>\n    }<\/p>\n<p>    @media (max-width: 768px) {<br \/>\n      .sso-contact-section {<br \/>\n        flex-direction: column;<br \/>\n        gap: 40px;<br \/>\n      }<br \/>\n    }<br \/>\n  <\/style>\n<p>\u00a0<\/p>\n<div class=\"sso-contact-section\">\n<div class=\"sso-location-box\">\n<div class=\"sso-location-phone\">\u00a0<\/div>\n<\/div>\n<div class=\"sso-location-box\">\n<div class=\"sso-location-country\">T\u00fcrkiye<\/div>\n<div class=\"sso-location-address\">Piri Reis Mah. 2061. Sok. No : 10 \u0130\u00e7 Kap\u0131 No : 6 Esenyurt\u00a0\/\u00a0\u0130stanbul<\/div>\n<div class=\"sso-location-email\">info@fkclinic.net<\/div>\n<div class=\"sso-location-phone\">+905439058285<\/div>\n<\/div>\n<\/div>\n<\/div>\n\t\t<\/div>\n\t\t\t\t\t<\/div>\n\n\t\n<\/div>","protected":false},"excerpt":{"rendered":"","protected":false},"author":1,"featured_media":9,"parent":0,"menu_order":0,"comment_status":"closed","ping_status":"closed","template":"page-blank.php","meta":{"footnotes":""},"class_list":["post-85","page","type-page","status-publish","has-post-thumbnail","hentry"],"_links":{"self":[{"href":"https:\/\/fkclinic.ghayatltd.com\/tr\/wp-json\/wp\/v2\/pages\/85","targetHints":{"allow":["GET"]}}],"collection":[{"href":"https:\/\/fkclinic.ghayatltd.com\/tr\/wp-json\/wp\/v2\/pages"}],"about":[{"href":"https:\/\/fkclinic.ghayatltd.com\/tr\/wp-json\/wp\/v2\/types\/page"}],"author":[{"embeddable":true,"href":"https:\/\/fkclinic.ghayatltd.com\/tr\/wp-json\/wp\/v2\/users\/1"}],"replies":[{"embeddable":true,"href":"https:\/\/fkclinic.ghayatltd.com\/tr\/wp-json\/wp\/v2\/comments?post=85"}],"version-history":[{"count":49,"href":"https:\/\/fkclinic.ghayatltd.com\/tr\/wp-json\/wp\/v2\/pages\/85\/revisions"}],"predecessor-version":[{"id":1522,"href":"https:\/\/fkclinic.ghayatltd.com\/tr\/wp-json\/wp\/v2\/pages\/85\/revisions\/1522"}],"wp:featuredmedia":[{"embeddable":true,"href":"https:\/\/fkclinic.ghayatltd.com\/tr\/wp-json\/wp\/v2\/media\/9"}],"wp:attachment":[{"href":"https:\/\/fkclinic.ghayatltd.com\/tr\/wp-json\/wp\/v2\/media?parent=85"}],"curies":[{"name":"wp","href":"https:\/\/api.w.org\/{rel}","templated":true}]}}