{"id":87,"date":"2013-08-11T19:06:15","date_gmt":"2013-08-11T19:06:15","guid":{"rendered":"http:\/\/localhost:8888\/test\/?page_id=520"},"modified":"2025-07-10T01:37:49","modified_gmt":"2025-07-10T01:37:49","slug":"about","status":"publish","type":"page","link":"https:\/\/fkclinic.ghayatltd.com\/tr\/about\/","title":{"rendered":"Hakk\u0131nda"},"content":{"rendered":"<div id=\"page-header-2143945543\" class=\"page-header-wrapper\">\n  <div class=\"page-title dark featured-title has-parallax\">\n\n        <div class=\"page-title-bg\">\n      <div class=\"title-bg fill bg-fill\"\n        data-parallax-container=\".page-title\"\n        data-parallax-background\n data-parallax=\"-10\">\n      <\/div>\n      <div class=\"title-overlay fill\"><\/div>\n    <\/div>\n    \n    <div class=\"page-title-inner container align-center text-center flex-row-col medium-flex-wrap\" >\n              <div class=\"title-wrapper is-xxsmall flex-col\">\n          <h1 class=\"entry-title mb-0\">\n            Hakk\u0131nda          <\/h1>\n        <\/div>\n                    <div class=\"title-content flex-col\">\n        <div class=\"title-breadcrumbs pb-half pt-half\"><\/div>      <\/div>\n    <\/div>\n\n     \n<style>\n#page-header-2143945543 .page-title-inner {\n  min-height: 452px;\n}\n#page-header-2143945543 {\n  margin-bottom: 48px;\n}\n#page-header-2143945543 .title-bg {\n  background-image: url(https:\/\/fkclinic.ghayatltd.com\/wp-content\/uploads\/2025\/07\/dr.furkan-slider-1.jpg);\n  background-position: 100% 54%;\n}\n<\/style>\n  <\/div>\n    <\/div>\n  \n<div class=\"row\"  id=\"row-1933644904\">\n\n\t<div id=\"col-1563193819\" class=\"col small-12 large-12\"  >\n\t\t\t\t<div class=\"col-inner\"  >\n\t\t\t\n\t\t\t\n\t<div id=\"text-1272078528\" class=\"text\">\n\t\t\n<div class=\"col-lg-12\">\n<div class=\"\">\n<p style=\"text-align: left;\">FK Clinic, estetik cerrahi, di\u015f hekimli\u011fi, sa\u00e7 ekimi, g\u00f6z bak\u0131m\u0131 ve daha bir\u00e7ok alanda ileri tedavi se\u00e7enekleri sunan lider bir sa\u011fl\u0131k hizmeti sa\u011flay\u0131c\u0131s\u0131d\u0131r. D\u00fcnyan\u0131n d\u00f6rt bir yan\u0131ndaki hastalara d\u00fcnya standartlar\u0131nda sa\u011fl\u0131k hizmetleri sunarak, T\u00fcrkiye&#039;nin sa\u011fl\u0131k turizmindeki y\u00fckselen ba\u015far\u0131s\u0131n\u0131 gururla temsil ediyoruz.<\/p>\n<p style=\"text-align: left;\">T\u00fcrkiye&#039;nin t\u0131p alan\u0131ndaki m\u00fckemmelli\u011fini uluslararas\u0131 arenaya ta\u015f\u0131ma misyonuyla kurulan FK Clinic, uzman doktorlar\u0131, modern t\u0131bbi altyap\u0131y\u0131 ve hasta odakl\u0131 yakla\u015f\u0131m\u0131 bir araya getirerek ger\u00e7ekten ola\u011fan\u00fcst\u00fc bir sa\u011fl\u0131k deneyimi sunuyor. Misafirlerimiz yaln\u0131zca ola\u011fan\u00fcst\u00fc t\u0131bbi bak\u0131m almakla kalm\u0131yor, ayn\u0131 zamanda T\u00fcrkiye&#039;nin zengin k\u00fclt\u00fcrel atmosferinin tad\u0131n\u0131 \u00e7\u0131karma f\u0131rsat\u0131 da yakal\u0131yor.<\/p>\n<p style=\"text-align: left;\">\u0130lk kons\u00fcltasyondan konaklama ve transfer hizmetleri de dahil olmak \u00fczere tedavi sonras\u0131 bak\u0131ma kadar her ayr\u0131nt\u0131y\u0131 hassasiyet ve \u015fefkatle y\u00f6netiyoruz. Klini\u011fimiz, her hastan\u0131n \u00f6zel ihtiya\u00e7lar\u0131na g\u00f6re uyarlanm\u0131\u015f, estetik cerrahiden di\u015f tedavilerine, sa\u00e7 ekiminden fonksiyonel i\u015flemlere kadar geni\u015f bir hizmet yelpazesi sunmaktad\u0131r.<\/p>\n<p style=\"text-align: left;\">FK Clinic olarak etik, \u015feffaf ve g\u00fcvenilir uygulamalara ba\u011fl\u0131y\u0131z. Amac\u0131m\u0131z, her uluslararas\u0131 hastaya g\u00fcvenli, y\u00fcksek kaliteli ve unutulmaz bir sa\u011fl\u0131k deneyimi sunmakt\u0131r. Biz sadece bir tedavi merkezi de\u011filiz; sa\u011fl\u0131k, estetik ve g\u00fcvenin bulu\u015ftu\u011fu yeriz.<\/p>\n<p style=\"text-align: left;\">Her hasta bizim i\u00e7in \u00f6zeldir. FK Clinic&#039;te g\u00fczelli\u011finizi ke\u015ffedin ve sa\u011fl\u0131\u011f\u0131n\u0131za g\u00fcvenle kavu\u015fun.<\/p>\n<\/div>\n<\/div>\n\t\t\n<style>\n#text-1272078528 {\n  line-height: 3;\n  text-align: center;\n}\n<\/style>\n\t<\/div>\n\t\n\t\t<\/div>\n\t\t\t\t\t<\/div>\n\n\t\n<\/div>","protected":false},"excerpt":{"rendered":"","protected":false},"author":1,"featured_media":1512,"parent":0,"menu_order":0,"comment_status":"closed","ping_status":"closed","template":"","meta":{"footnotes":""},"class_list":["post-87","page","type-page","status-publish","has-post-thumbnail","hentry"],"_links":{"self":[{"href":"https:\/\/fkclinic.ghayatltd.com\/tr\/wp-json\/wp\/v2\/pages\/87","targetHints":{"allow":["GET"]}}],"collection":[{"href":"https:\/\/fkclinic.ghayatltd.com\/tr\/wp-json\/wp\/v2\/pages"}],"about":[{"href":"https:\/\/fkclinic.ghayatltd.com\/tr\/wp-json\/wp\/v2\/types\/page"}],"author":[{"embeddable":true,"href":"https:\/\/fkclinic.ghayatltd.com\/tr\/wp-json\/wp\/v2\/users\/1"}],"replies":[{"embeddable":true,"href":"https:\/\/fkclinic.ghayatltd.com\/tr\/wp-json\/wp\/v2\/comments?post=87"}],"version-history":[{"count":47,"href":"https:\/\/fkclinic.ghayatltd.com\/tr\/wp-json\/wp\/v2\/pages\/87\/revisions"}],"predecessor-version":[{"id":1555,"href":"https:\/\/fkclinic.ghayatltd.com\/tr\/wp-json\/wp\/v2\/pages\/87\/revisions\/1555"}],"wp:featuredmedia":[{"embeddable":true,"href":"https:\/\/fkclinic.ghayatltd.com\/tr\/wp-json\/wp\/v2\/media\/1512"}],"wp:attachment":[{"href":"https:\/\/fkclinic.ghayatltd.com\/tr\/wp-json\/wp\/v2\/media?parent=87"}],"curies":[{"name":"wp","href":"https:\/\/api.w.org\/{rel}","templated":true}]}}